{"id":141,"date":"2020-04-19T19:04:56","date_gmt":"2020-04-19T17:04:56","guid":{"rendered":"http:\/\/banke.home.at\/wordpress\/?page_id=141"},"modified":"2025-02-16T16:54:27","modified_gmt":"2025-02-16T15:54:27","slug":"startseite","status":"publish","type":"page","link":"https:\/\/banke.home.at\/wordpress\/startseite\/","title":{"rendered":"SOMMER 2025: Such dir ein Bankerl und ruh dich aus <br>&nbsp; <br>&#8230;. bevorst eins reisst!"},"content":{"rendered":"<p>Unter diesem Motto steht unsere Sammlung an Wanderungen quer durch die Natur.<\/p>\n<p><center><br \/>\n<img loading=\"lazy\" decoding=\"async\" class=\"image-border alignnone wp-image-11748 size-full\" src=\"http:\/\/banke.home.at\/wordpress\/wp-content\/uploads\/2024\/08\/lbf-20240608_194322.jpg\" alt=\"\" width=\"1280\" height=\"720\" srcset=\"https:\/\/banke.home.at\/wordpress\/wp-content\/uploads\/2024\/08\/lbf-20240608_194322.jpg 1280w, https:\/\/banke.home.at\/wordpress\/wp-content\/uploads\/2024\/08\/lbf-20240608_194322-768x432.jpg 768w\" sizes=\"auto, (max-width: 767px) 89vw, (max-width: 1000px) 54vw, (max-width: 1071px) 543px, 580px\" \/><\/center><\/p>\n<h4 style=\"text-align: center;\">&#8222;Wann wird&#8217;s mal wieder richtig Sommer&#8220;<\/h4>\n<pre style=\"text-align: center;\">Rudi Carrell (1975)\r\nLabel M Musik<\/pre>\n<p><!--img class=\"image-border aligncenter wp-image-4442\" src=\"http:\/\/banke.home.at\/wordpress\/wp-content\/uploads\/2020\/10\/neu-20200720_135330-300x169.jpg\" alt=\"\" width=\"480\" height=\"270\" \/>\n\nNat\u00fcrlich muss man oft einige Kilometer laufen (und manchmal auch l\u00e4ngere Abk\u00fcrzungen) um ein passendes Bankerl zu finden.\n\nWenn man es dann endlich erreicht hat, kann man sich aber getrost hinsetzen und ein wenig stolz sein, auf sich und \u00fcber den bisher gemeisterten Weg.\n\nUnd wer wei\u00df, vielleicht gibt es auf den kommenden Pfaden ja noch viel sch\u00f6nere <strong><a href=\"http:\/\/banke.home.at\/wordpress\/2020\/08\/12\/bankerlsammlung\/\">Bankerl<\/a><\/strong> oder am Ende gar ein\u00a0<strong><a href=\"http:\/\/banke.home.at\/wordpress\/2020\/11\/15\/kreuzerlsammlung\/\">Kreuzerl<\/a> <\/strong>. . .\n\n--><\/p>\n<p>Das fragte Rudi Carrell 1975 in einem Lied, das zum Sommerhit wurde.<br \/>\nJetzt ist er da, teils hei\u00dfer und l\u00e4nger als ertr\u00e4glich. Drum such Dir ein nettes <a href=\"https:\/\/banke.home.at\/wordpress\/2024\/02\/11\/bankerlsammlung\/\">Bankerl <\/a>im Schatten und genie\u00dfe den Sommer.<br \/>\nLass Dich dabei inspirieren und schau rein in unseren Allwetter<strong>&#8211;<a href=\"http:\/\/banke.home.at\/wordpress\/blog\/\">Wanderblog<\/a><\/strong>!<\/p>\n<p>&nbsp;<\/p>\n<p style=\"text-align: right; font-size: small;\">\u00a9 2018, 2019, 2020, 2021, 2022, 2023, 2024, 2025<\/p>\n","protected":false},"excerpt":{"rendered":"<p>Unter diesem Motto steht unsere Sammlung an Wanderungen quer durch die Natur. &#8222;Wann wird&#8217;s mal wieder richtig Sommer&#8220; Rudi Carrell (1975) Label M Musik Das fragte Rudi Carrell 1975 in einem Lied, das zum Sommerhit wurde. Jetzt ist er da, teils hei\u00dfer und l\u00e4nger als ertr\u00e4glich. Drum such Dir ein nettes Bankerl im Schatten und &hellip; <\/p>\n<p class=\"link-more\"><a href=\"https:\/\/banke.home.at\/wordpress\/startseite\/\" class=\"more-link\"><span class=\"screen-reader-text\">\u201eSOMMER 2025: Such dir ein Bankerl und ruh dich aus <br \/>&nbsp; <br \/>&#8230;. bevorst eins reisst!\u201c <\/span>weiterlesen<\/a><\/p>\n","protected":false},"author":3,"featured_media":0,"parent":0,"menu_order":0,"comment_status":"closed","ping_status":"closed","template":"","meta":{"footnotes":""},"tags":[],"class_list":["post-141","page","type-page","status-publish","hentry"],"_links":{"self":[{"href":"https:\/\/banke.home.at\/wordpress\/wp-json\/wp\/v2\/pages\/141","targetHints":{"allow":["GET"]}}],"collection":[{"href":"https:\/\/banke.home.at\/wordpress\/wp-json\/wp\/v2\/pages"}],"about":[{"href":"https:\/\/banke.home.at\/wordpress\/wp-json\/wp\/v2\/types\/page"}],"author":[{"embeddable":true,"href":"https:\/\/banke.home.at\/wordpress\/wp-json\/wp\/v2\/users\/3"}],"replies":[{"embeddable":true,"href":"https:\/\/banke.home.at\/wordpress\/wp-json\/wp\/v2\/comments?post=141"}],"version-history":[{"count":2,"href":"https:\/\/banke.home.at\/wordpress\/wp-json\/wp\/v2\/pages\/141\/revisions"}],"predecessor-version":[{"id":13321,"href":"https:\/\/banke.home.at\/wordpress\/wp-json\/wp\/v2\/pages\/141\/revisions\/13321"}],"wp:attachment":[{"href":"https:\/\/banke.home.at\/wordpress\/wp-json\/wp\/v2\/media?parent=141"}],"wp:term":[{"taxonomy":"post_tag","embeddable":true,"href":"https:\/\/banke.home.at\/wordpress\/wp-json\/wp\/v2\/tags?post=141"}],"curies":[{"name":"wp","href":"https:\/\/api.w.org\/{rel}","templated":true}]}}