{"id":250,"date":"2021-12-08T14:24:50","date_gmt":"2021-12-08T13:24:50","guid":{"rendered":"http:\/\/banke.home.at\/wordpress\/?page_id=250"},"modified":"2025-12-09T11:06:19","modified_gmt":"2025-12-09T10:06:19","slug":"vorschau","status":"publish","type":"page","link":"https:\/\/banke.home.at\/wordpress\/vorschau\/","title":{"rendered":"Vorschau"},"content":{"rendered":"<h3>Geplante Wanderungen<\/h3>\n<p>Weiden am See<br \/>\n<a href=\"http:\/\/banke.home.at\/wordpress\/wp-content\/uploads\/2024\/08\/Kamptalwarte.pdf\">Kamptalwarte<\/a><\/p>\n<h3>Wovon wir noch tr\u00e4umen:<\/h3>\n<p><a href=\"http:\/\/banke.home.at\/wordpress\/2020\/05\/31\/projekt-foelzstein-aflenz-am-2020\/\">Zirbeneck und F\u00f6lzstein<\/a>\u00a0 \u00a0(Aflenz, Stmk)<br \/>\n<a href=\"http:\/\/banke.home.at\/wordpress\/2020\/08\/19\/hoher-priel-in-hinterstoder\/\">Gro\u00dfer Priel<\/a> <strong>2033<\/strong> (Hinterstoder, O\u00d6), <a href=\"https:\/\/www.prielschutzhaus.com\/images\/20181126_prielschutzhaus150_%C3%BCbersichtskarte.jpg\" target=\"_blank\" rel=\"noopener\">Karte<\/a> \u00a0<img loading=\"lazy\" decoding=\"async\" class=\"alignnone size-full wp-image-329\" src=\"http:\/\/banke.home.at\/wordpress\/wp-content\/uploads\/2020\/04\/Icon_External_Link.png\" alt=\"\" width=\"12\" height=\"12\" \/> (c) Prielschutzhaus<br \/>\n<a href=https:\/\/www.robertrosenkranz.at\/tourenbuch\/tourenbuch-2020-119-touren-1870-km-115462-hm\/1-1-thal-atzsattel-gei%C3%9Fruck-kieneck\/ target=\"newtab\">Kieneck&nbsp;  <img loading=\"lazy\" decoding=\"async\" src=\"http:\/\/banke.home.at\/wordpress\/wp-content\/uploads\/2020\/04\/Icon_External_Link.png\" alt=\"\" width=\"12\" height=\"12\" \/><\/a>   noch einmal (Thal, N\u00d6)<\/p>\n<h3>Gesagt getan:<\/h3>\n<p>Planung <a href=\"http:\/\/banke.home.at\/wordpress\/hoher-hengst-im-mai-2020\/\">Hoher Hengst<\/a>\u00a0\u00a0\u00a0 (Puchberg am Schneeberg, N\u00d6)<br \/>\n<a href=\"http:\/\/banke.home.at\/wordpress\/2020\/05\/22\/hoher-hengst-1450m\/\">Hoher Hengst II<\/a>\u00a0\u00a0\u00a0 (Puchberg am Schneeberg, N\u00d6)<br \/>\n<a href=\"https:\/\/banke.home.at\/wordpress\/2021\/08\/14\/hohe-student-halltal-stmk\/\">Hohe Student<\/a>, Halltal (Stmk.)<br \/>\n<a href=\"https:\/\/banke.home.at\/wordpress\/2021\/10\/02\/hexenberg-hundsheim-noe\/\">Hexenberg<\/a>, Hundsheim (N\u00d6)<br \/>\n<a href=\"https:\/\/banke.home.at\/wordpress\/2022\/01\/20\/romai-arzberg-waldbach-stmk\/\">M\u00f6nichwald<\/a> und Umgebung<br \/>\n<a href=\"http:\/\/banke.home.at\/wordpress\/saeulkopf-3209m-osttirol\/\">S\u00e4ulkopf<\/a> I (Virgen, T)<br \/>\n<a href=\"https:\/\/banke.home.at\/wordpress\/2025\/08\/06\/saeulkopf-3209m-osttirol\/\">S\u00e4ulkopf<\/a> 2025 (Virgen, T)<\/p>\n","protected":false},"excerpt":{"rendered":"<p>Geplante Wanderungen Weiden am See Kamptalwarte Wovon wir noch tr\u00e4umen: Zirbeneck und F\u00f6lzstein\u00a0 \u00a0(Aflenz, Stmk) Gro\u00dfer Priel 2033 (Hinterstoder, O\u00d6), Karte \u00a0 (c) Prielschutzhaus noch einmal (Thal, N\u00d6) Gesagt getan: Planung Hoher Hengst\u00a0\u00a0\u00a0 (Puchberg am Schneeberg, N\u00d6) Hoher Hengst II\u00a0\u00a0\u00a0 (Puchberg am Schneeberg, N\u00d6) Hohe Student, Halltal (Stmk.) Hexenberg, Hundsheim (N\u00d6) M\u00f6nichwald und Umgebung S\u00e4ulkopf &hellip; <\/p>\n<p class=\"link-more\"><a href=\"https:\/\/banke.home.at\/wordpress\/vorschau\/\" class=\"more-link\"><span class=\"screen-reader-text\">\u201eVorschau\u201c <\/span>weiterlesen<\/a><\/p>\n","protected":false},"author":1,"featured_media":0,"parent":0,"menu_order":0,"comment_status":"closed","ping_status":"closed","template":"","meta":{"footnotes":""},"tags":[],"class_list":["post-250","page","type-page","status-publish","hentry"],"_links":{"self":[{"href":"https:\/\/banke.home.at\/wordpress\/wp-json\/wp\/v2\/pages\/250","targetHints":{"allow":["GET"]}}],"collection":[{"href":"https:\/\/banke.home.at\/wordpress\/wp-json\/wp\/v2\/pages"}],"about":[{"href":"https:\/\/banke.home.at\/wordpress\/wp-json\/wp\/v2\/types\/page"}],"author":[{"embeddable":true,"href":"https:\/\/banke.home.at\/wordpress\/wp-json\/wp\/v2\/users\/1"}],"replies":[{"embeddable":true,"href":"https:\/\/banke.home.at\/wordpress\/wp-json\/wp\/v2\/comments?post=250"}],"version-history":[{"count":3,"href":"https:\/\/banke.home.at\/wordpress\/wp-json\/wp\/v2\/pages\/250\/revisions"}],"predecessor-version":[{"id":15221,"href":"https:\/\/banke.home.at\/wordpress\/wp-json\/wp\/v2\/pages\/250\/revisions\/15221"}],"wp:attachment":[{"href":"https:\/\/banke.home.at\/wordpress\/wp-json\/wp\/v2\/media?parent=250"}],"wp:term":[{"taxonomy":"post_tag","embeddable":true,"href":"https:\/\/banke.home.at\/wordpress\/wp-json\/wp\/v2\/tags?post=250"}],"curies":[{"name":"wp","href":"https:\/\/api.w.org\/{rel}","templated":true}]}}