{"id":254,"date":"2021-12-08T14:30:40","date_gmt":"2021-12-08T13:30:40","guid":{"rendered":"http:\/\/banke.home.at\/wordpress\/?page_id=254"},"modified":"2025-10-19T13:04:59","modified_gmt":"2025-10-19T11:04:59","slug":"rueckblick","status":"publish","type":"page","link":"https:\/\/banke.home.at\/wordpress\/rueckblick\/","title":{"rendered":"R\u00fcckblick"},"content":{"rendered":"<p>Viele sch\u00f6ne Wanderungen liegen schon hinter uns und es wird noch einige Zeit dauern, bis wir alle hier dokumentiert haben.<\/p>\n<h2><a href=\"http:\/\/banke.home.at\/wordpress\/rueckblick\/unterwegs-mit-ilse-pauli\/\"><strong>Unterwegs mit Ilse &amp; Pauli<\/strong><\/a><\/h2>\n<h2>gemeinsame Wanderungen von &#8222;1981&#8220;<\/h2>\n<p>1980er in der <a href=\"http:\/\/banke.home.at\/wordpress\/1985\/10\/03\/antiquitaeten\/\">Antike<\/a><\/p>\n<p>3.10.2015 <a href=\"http:\/\/banke.home.at\/wordpress\/2015\/10\/03\/von-frein-nach-mariazell\/\">Von Frein nach Mariazell<\/a> (Stmk)<br \/>\n4.10.2015 <a href=\"http:\/\/banke.home.at\/wordpress\/2015\/10\/04\/erlaufsee-umrunden\/\">Erlaufsee Runde<\/a> (N\u00f6, Stmk)<\/p>\n<p>20.05.2017 <a href=\"http:\/\/banke.home.at\/wordpress\/2017\/05\/20\/oetschergraeben\/\">\u00d6tschergr\u00e4ben<\/a> (N\u00f6)<br \/>\n14.10.2017 <a href=\"http:\/\/banke.home.at\/wordpress\/2017\/10\/14\/hochwechsel-1743-m\/\">Hochwechsel<\/a> (M\u00f6nichkirchen, N\u00f6)<\/p>\n<p>20.01.2018 <a href=\"http:\/\/banke.home.at\/wordpress\/2018\/01\/20\/winterwanderung-von-miesenbach-nach-gschaid\/\">Miesenbach -&gt; Gschaid\/Birkfeld<\/a><br \/>\n21.01.2018 <a href=\"http:\/\/banke.home.at\/wordpress\/2018\/01\/21\/miesenbach-wildwiesen-schneeschuhwanderung\/\">Miesenbach Wildwiese<\/a> (Schneeschuh)<br \/>\n15.04.2018 <a href=\"http:\/\/banke.home.at\/wordpress\/2018\/04\/15\/peilsteinrunde-hafnerberg\/\">Peilstein<\/a><br \/>\n17.06.2018 <a href=\"http:\/\/banke.home.at\/wordpress\/2018\/06\/17\/reisalpe\/\">Reisalpe<\/a><br \/>\n07.10.2018 <a href=\"http:\/\/banke.home.at\/wordpress\/2018\/10\/08\/luckerte-wand\/\">Breitenstein \/ Luckerte Wand<\/a><\/p>\n<p>19.01.2019 <a href=\"http:\/\/banke.home.at\/wordpress\/2019\/01\/19\/moenichwald-schneeschuh-stmk\/\">M\u00f6nichwald -&gt; Gemeindekreuz<\/a> (Schneeschuh)<br \/>\n20.01.2019 <a href=\"http:\/\/banke.home.at\/wordpress\/2019\/01\/20\/moenichwald-festenburg-stmk\/\">M\u00f6nichwald -&gt; Festenburg<\/a><br \/>\n06.04.2019 <a href=\"http:\/\/banke.home.at\/wordpress\/2019\/04\/06\/hengstumrundung\/\">Puchberg Hengstumrundung<\/a><br \/>\n07.04.2019 <a href=\"http:\/\/banke.home.at\/wordpress\/2019\/04\/07\/maumauwiese\/\">Puchberg Mamauwiese \/ Almreserlhaus<\/a><br \/>\n25.05.2019 Bei Ilse und Pauli Mittelpunkt des Burgenlandes<br \/>\n12.10.2019 <a href=\"http:\/\/banke.home.at\/wordpress\/2019\/10\/12\/tuerkensturz-seebenstein\/\">Seebenstein\/T\u00fcrkensturz<\/a><br \/>\n16.11.2019 <a href=\"http:\/\/banke.home.at\/wordpress\/2019\/11\/16\/leithagebirge-kaisereiche-bgld\/\">Leithagebirge<\/a><\/p>\n<p>24.01.2020 <a href=\"http:\/\/banke.home.at\/wordpress\/2020\/05\/04\/wenigzell-1-nach-vorau-stmk\/\">Wenigzell Vorau<\/a><br \/>\n25.01.2020 <a href=\"http:\/\/banke.home.at\/wordpress\/2020\/01\/25\/wenigzell-toter-mann-wildwiese-stmk\/\">Wenigzell Toter Mann \/ Wildwiese<\/a><br \/>\n26.01.2020 <a href=\"http:\/\/banke.home.at\/wordpress\/2020\/01\/26\/wenigzell-sommersguter-moor-stmk\/\">Wenigzell Sommersguter Moor<\/a><br \/>\n15.02.2020 <a href=\"http:\/\/banke.home.at\/wordpress\/2020\/02\/15\/fuer-roderich\/\">St. Corona a.W. Kampstein (Schneeschuh)<\/a><br \/>\n01.03.2020 <a href=\"http:\/\/banke.home.at\/wordpress\/2020\/03\/01\/das-kieneck-in-den-gutensteiner-alpen\/\">Kieneck, Thal<\/a> Winterwanderung<br \/>\n02.05.2020 <a href=\"http:\/\/banke.home.at\/wordpress\/2020\/05\/02\/projekt-grosser-sonnleitstein-am-2-5-2020-2\/\">Hinternasswald; Gro\u00dfer Sonnleitstein<\/a><br \/>\n22.05.2020 <a href=\"http:\/\/banke.home.at\/wordpress\/2020\/05\/22\/hoher-hengst-1450m\/\">Hengstberg; Puchberg am Schneeberg<\/a><br \/>\n15.08.2020 <a href=\"http:\/\/banke.home.at\/wordpress\/2020\/08\/15\/messnerin-klamm-tragoess-oberort\/\">Trag\u00f6\u00df;\u00a0Gr\u00fcner See-Klammboden<\/a><br \/>\n16.08.2020 <a href=\"http:\/\/banke.home.at\/wordpress\/2020\/08\/16\/heilkraeuterweg-in-aflenz\/\">Aflenz-Kurort, Heilkr\u00e4uterweg<\/a><br \/>\n09.09.2020 <a href=\"http:\/\/banke.home.at\/wordpress\/2020\/09\/10\/stadtwanderweg-10-da-capo\/\">Stadtwanderweg 10<\/a><br \/>\n04.10.2020 <a href=\"http:\/\/banke.home.at\/wordpress\/2020\/10\/04\/michaelerberg-buschandlwand-spitz-donau\/\">Spitz\/Donau, Buschandlwand<\/a><br \/>\n08.12.2020 <a href=\"http:\/\/banke.home.at\/wordpress\/2020\/12\/08\/hoher-lindkogel-bad-voeslau-noe\/\">Hoher Lindkogel, Bad V\u00f6slau<\/a><\/p>\n<p>23.01.2021 <a href=\"http:\/\/banke.home.at\/wordpress\/2021\/01\/23\/schwarzenbergrunde-trattenbach-noe\/\">Schwarzenbergrunde<\/a>, Trattenbach (Schneeschuh)<br \/>\n14.02.2021 <a href=\"http:\/\/banke.home.at\/wordpress\/2021\/02\/14\/otterrunde-mit-schneeschuhen-schlaglnoe\/\">Otterrunde<\/a>, Schlagl\/Raach (Schneeschuh)<br \/>\n20.03.2021 <a href=\"https:\/\/banke.home.at\/wordpress\/2021\/03\/20\/beethovenweg-gumpoldskirchennoe\/\">Beethovenweg<\/a>, Gumpoldskirchen<br \/>\n02.05.2021 <a href=\"http:\/\/banke.home.at\/wordpress\/2021\/05\/02\/kampalpe-spital-semmering-stmk\/\">Kampalpe<\/a>, Spital\/Semmering<br \/>\n19.06.2021 <a href=\"http:\/\/banke.home.at\/wordpress\/2021\/06\/19\/hagenbachklamm-eichenhain-noe\/\">Hagenbachklamm\/Eichenhain<\/a><br \/>\n14.07.2021 <a href=\"http:\/\/banke.home.at\/wordpress\/2021\/07\/14\/stadtwanderweg-5-eine-inspiration\/\">Stadtwanderweg 5<\/a><br \/>\n14.08.2021 <a href=\"https:\/\/banke.home.at\/wordpress\/2021\/08\/14\/hohe-student-halltal-stmk\/\">Hohe Student, <\/a>Mariazell<br \/>\n15.08.2021 <a href=\"https:\/\/banke.home.at\/wordpress\/2021\/08\/15\/fadental-runde-hubertussee-stmk\/\">Fadental, <\/a>Hubertussee<br \/>\n02.10.2021 <a href=\"https:\/\/banke.home.at\/wordpress\/2021\/10\/02\/hexenberg-hundsheim-noe\/\">Hexenberg, <\/a>Hundsheim<br \/>\n28.11.2021 <a href=\"https:\/\/banke.home.at\/wordpress\/2021\/11\/28\/aussichtsturm-bad-sauerbrunn-bgld\/\">Aussichtsturm, <\/a>Bad Sauerbrunn<\/p>\n<p>20.01.2022 <a href=\"https:\/\/banke.home.at\/wordpress\/2022\/01\/20\/romai-arzberg-waldbach-stmk\/\">Arzberg\/Romai, <\/a>Waldbach<br \/>\n21.01.2022 <a href=\"https:\/\/banke.home.at\/wordpress\/2022\/01\/21\/ochsenkopfrunde-moenichwald-stmk\/\">Ochsenkopfrunde, <\/a>M\u00f6nichwald<br \/>\n22.01.2022 <a href=\"https:\/\/banke.home.at\/wordpress\/2022\/01\/22\/kaesemaus-moenichwald-stmk\/\">K\u00e4semaus,<\/a> M\u00f6nichwald<br \/>\n23.01.2022 <a href=\"https:\/\/banke.home.at\/wordpress\/2022\/01\/23\/hoehenweg-moenichwald-stmk\/\">H\u00f6henweg, <\/a>M\u00f6nichwald<br \/>\n03.04.2022 <a href=\"https:\/\/banke.home.at\/wordpress\/2022\/04\/03\/grosse-zauberblickrunde-semmering-stmk\/\">Zauberblickrunde, <\/a>Semmering<br \/>\n26.06.2022 <a href=\"https:\/\/banke.home.at\/wordpress\/2022\/06\/26\/schwaigenrunde-arabichl-noe\/\">Schwaigenrunde, <\/a>Arabichl<br \/>\n27.08.2022 <a href=\"https:\/\/banke.home.at\/wordpress\/2022\/08\/27\/kummerbauer-goestritz-noe\/\">Kummerbauer,<\/a> G\u00f6stritz<br \/>\n30.10.2022 Herbsttrilogie #1 <a href=\"https:\/\/banke.home.at\/wordpress\/2022\/10\/30\/3-fischauer-berge-winzendorf-noe\/\">Fischauer Berge<\/a>, Winzendorf<br \/>\n27.11.2022 Herbsttrilogie #2 <a href=\"https:\/\/banke.home.at\/wordpress\/2022\/11\/27\/buschberg-niederleis-noe-2\/\">Buschberg<\/a>, Niederleis<\/p>\n<p>26.01.2023 <a href=\"https:\/\/banke.home.at\/wordpress\/2023\/01\/26\/masenbergrunde-vorau-stmk\/\">Masenbergrunde<\/a>, Vorau<br \/>\n27.01.2023 <a href=\"https:\/\/banke.home.at\/wordpress\/2023\/01\/27\/reifbachrunde-moenichwald-stmk\/\">Reifbachrunde<\/a>, M\u00f6nichwald<br \/>\n26.03.2023 <a href=\"https:\/\/banke.home.at\/wordpress\/2023\/03\/26\/burgruine-starhemberg-runde-piesting-noe\/\">Burgruine Starhemberg Runde<\/a>, Piesting<br \/>\n09.07.2023 <a href=\"https:\/\/banke.home.at\/wordpress\/2023\/07\/09\/wander-bertoni-winden-bgld\/\">Wander Bertoni-Runde<\/a>, Winden am See<br \/>\n01.10.2023 <a href=\"https:\/\/banke.home.at\/wordpress\/2023\/10\/01\/hocheck-furth-an-der-triesting-noe\/\">Hocheck<\/a>, Furth an der Triesting<\/p>\n<p>04.02.2024 <a href=\"https:\/\/banke.home.at\/wordpress\/2024\/02\/04\/saisonstart-2024-weissenbach-triesting-noe\/\">K\u00fchberg, Ludwigsh\u00f6he<\/a>; Weissenbach\/Triesting<br \/>\n14.04.2024 <a href=\"https:\/\/banke.home.at\/wordpress\/2024\/04\/14\/falkenstein-noe\/\">Falkenstein<\/a>, Schwarzau im Gebirge<br \/>\n03.08.2024 <a href=\"https:\/\/banke.home.at\/wordpress\/2024\/08\/03\/anninger-gumpoldskirchen-noe\/\">Anninger<\/a>, Gumpoldskirchen<br \/>\n08.09.2024 <a href=\"https:\/\/banke.home.at\/wordpress\/2024\/09\/08\/wasserklotz-rosenau-am-hengstpass-ooe\/\">Wasserklotz<\/a>, Rosenau am Hengstpass (O\u00d6)<\/p>\n<p>21.01.2025 <a href=\"https:\/\/banke.home.at\/wordpress\/2025\/01\/21\/piessling-ursprung-gleinkersee-rossleithen-ooe\/\">Pie\u00dflingursprung<\/a>, Ro\u00dfleithen (O\u00d6)<br \/>\n22.01.2025 <a href=\"https:\/\/banke.home.at\/wordpress\/2025\/01\/22\/polsterlucke-hinterstoder-ooe\/\">Polsterlucke<\/a>, Hinterstoder (O\u00d6)<br \/>\n23.01.2025 <a href=\"https:\/\/banke.home.at\/wordpress\/2025\/01\/23\/steyrsberg-1007m-ooe\/\">Steyersberg<\/a>, Hinterstoder (O\u00d6)<br \/>\n06.04.2025 <a href=\"https:\/\/banke.home.at\/wordpress\/2025\/04\/06\/die-jochart-rohr-im-gebirge-noe\/\">Jochart<\/a>, Rohr i. G. (N\u00d6)<br \/>\n29.04.2025 <a href=\"https:\/\/banke.home.at\/wordpress\/2025\/04\/29\/oehlerueberstieg-gutenstein-puchberg-noe\/\">\u00d6hlerquerung<\/a>, Gutenstein\/Puchberg (N\u00d6)<br \/>\n20.05.2025 <a href=\"https:\/\/banke.home.at\/wordpress\/2025\/05\/20\/rosengarten-karersee-carezzo-suedtirol\/\">Rosengarten<\/a>, Karersee (S\u00fcdtirol)<br \/>\n21.05.2025 <a href=\"https:\/\/banke.home.at\/wordpress\/2025\/05\/25\/erdpyramiden-oberbozen-suedtirol\/\">Erdpyramiden<\/a>, Oberbozen (S\u00fcdtirol)<br \/>\n16.08.2025 <a href=\"https:\/\/banke.home.at\/wordpress\/2025\/08\/16\/schneealm-neuberg-an-der-muerz-stmk\/\">Schneealm<\/a>, Neuberg an der M\u00fcrz (N\u00d6)<br \/>\n11.10.2025 <a href=\"https:\/\/banke.home.at\/wordpress\/2025\/10\/11\/kapellenwanderung-st-margarethen-bgld\/\">St.Margarethen<\/a>, (Bgld.)<\/p>\n<h2>Alleing\u00e4nge<\/h2>\n<p>Kleiner Priel (Hinterstoder, O\u00d6)<br \/>\n<a href=\"http:\/\/banke.home.at\/wordpress\/2019\/09\/18\/stubwieswipfel-1786-m\/\">Stubwieswipfel<\/a> (Wurzeralm, O\u00d6)<br \/>\n<a href=\"http:\/\/banke.home.at\/wordpress\/2019\/09\/16\/in-der-hoell\/\">In der H\u00f6ll<\/a> (Wurzeralm, O\u00d6)<br \/>\nHimberg (Puchberg am Schneeberg, N\u00d6)<br \/>\nPoppenberg (Hinterstoder, O\u00d6)<br \/>\nMariahilfberg und Kaisersteig (Gutenstein, N\u00d6)<br \/>\nStadtwanderweg 7 (Favoriten, W)<br \/>\n<a href=\"http:\/\/banke.home.at\/wordpress\/2020\/09\/10\/stadtwanderweg-10-da-capo\/\">Stadtwanderweg 10<\/a> (Donaustadt, W)<br \/>\nDr. Vogelgesang-Klamm (Spital am Pyhrn, O\u00d6)<br \/>\nDrei H\u00fctten Wanderung (Spital am Pyhrn, O\u00d6)<br \/>\n<a href=\"http:\/\/banke.home.at\/wordpress\/2015\/05\/29\/karleckrunde\/\">Karleckrunde<\/a> (Spital am Pyhrn, O\u00d6)<\/p>\n<p>&nbsp;<\/p>\n","protected":false},"excerpt":{"rendered":"<p>Viele sch\u00f6ne Wanderungen liegen schon hinter uns und es wird noch einige Zeit dauern, bis wir alle hier dokumentiert haben. Unterwegs mit Ilse &amp; Pauli gemeinsame Wanderungen von &#8222;1981&#8220; 1980er in der Antike 3.10.2015 Von Frein nach Mariazell (Stmk) 4.10.2015 Erlaufsee Runde (N\u00f6, Stmk) 20.05.2017 \u00d6tschergr\u00e4ben (N\u00f6) 14.10.2017 Hochwechsel (M\u00f6nichkirchen, N\u00f6) 20.01.2018 Miesenbach -&gt; Gschaid\/Birkfeld &hellip; <\/p>\n<p class=\"link-more\"><a href=\"https:\/\/banke.home.at\/wordpress\/rueckblick\/\" class=\"more-link\"><span class=\"screen-reader-text\">\u201eR\u00fcckblick\u201c <\/span>weiterlesen<\/a><\/p>\n","protected":false},"author":5,"featured_media":0,"parent":0,"menu_order":0,"comment_status":"closed","ping_status":"closed","template":"","meta":{"footnotes":""},"tags":[],"class_list":["post-254","page","type-page","status-publish","hentry"],"_links":{"self":[{"href":"https:\/\/banke.home.at\/wordpress\/wp-json\/wp\/v2\/pages\/254","targetHints":{"allow":["GET"]}}],"collection":[{"href":"https:\/\/banke.home.at\/wordpress\/wp-json\/wp\/v2\/pages"}],"about":[{"href":"https:\/\/banke.home.at\/wordpress\/wp-json\/wp\/v2\/types\/page"}],"author":[{"embeddable":true,"href":"https:\/\/banke.home.at\/wordpress\/wp-json\/wp\/v2\/users\/5"}],"replies":[{"embeddable":true,"href":"https:\/\/banke.home.at\/wordpress\/wp-json\/wp\/v2\/comments?post=254"}],"version-history":[{"count":3,"href":"https:\/\/banke.home.at\/wordpress\/wp-json\/wp\/v2\/pages\/254\/revisions"}],"predecessor-version":[{"id":13347,"href":"https:\/\/banke.home.at\/wordpress\/wp-json\/wp\/v2\/pages\/254\/revisions\/13347"}],"wp:attachment":[{"href":"https:\/\/banke.home.at\/wordpress\/wp-json\/wp\/v2\/media?parent=254"}],"wp:term":[{"taxonomy":"post_tag","embeddable":true,"href":"https:\/\/banke.home.at\/wordpress\/wp-json\/wp\/v2\/tags?post=254"}],"curies":[{"name":"wp","href":"https:\/\/api.w.org\/{rel}","templated":true}]}}