{"id":39,"date":"2018-06-08T10:03:35","date_gmt":"2018-06-08T08:03:35","guid":{"rendered":"http:\/\/banke.home.at\/wordpress\/datenschutzbelehrung\/"},"modified":"2020-04-21T17:12:05","modified_gmt":"2020-04-21T15:12:05","slug":"datenschutzbelehrung","status":"publish","type":"page","link":"https:\/\/banke.home.at\/wordpress\/datenschutzbelehrung\/","title":{"rendered":"Offenlegung gem\u00e4\u00df \u00a7 25 Mediengesetz"},"content":{"rendered":"<p>Offenlegung\u00a0 gem\u00e4\u00df \u00a7 25 Mediengesetz <img loading=\"lazy\" decoding=\"async\" class=\"alignnone size-medium wp-image-226\" src=\"http:\/\/banke.home.at\/wordpress\/wp-content\/uploads\/2020\/04\/offenlegung_1-300x199.png\" alt=\"\" width=\"300\" height=\"199\" srcset=\"https:\/\/banke.home.at\/wordpress\/wp-content\/uploads\/2020\/04\/offenlegung_1-300x199.png 300w, https:\/\/banke.home.at\/wordpress\/wp-content\/uploads\/2020\/04\/offenlegung_1.png 652w\" sizes=\"auto, (max-width: 300px) 100vw, 300px\" \/><br \/>\nHinweis:<br \/>\nDie Autor_innen \u00fcbernehmen keinerlei Gew\u00e4hr f\u00fcr die Aktualit\u00e4t, Korrektheit, Vollst\u00e4ndigkeit oder Qualit\u00e4t der bereitgestellten Informationen. Haftungsanspr\u00fcche gegen die Autor_innen, welche sich auf Sch\u00e4den materieller oder ideeller Art beziehen, die durch die Nutzung oder Nichtnutzung der dargebotenen Informationen bzw. durch die Nutzung fehlerhafter und unvollst\u00e4ndiger Informationen verursacht wurden, sind grunds\u00e4tzlich ausgeschlossen.<br \/>\nAlle Angebote sind freibleibend und unverbindlich. Die Autor_innen behalten sich ausdr\u00fccklich vor, Teile der Seiten oder das gesamte Angebot ohne gesonderte Ank\u00fcndigung zu ver\u00e4ndern, zu erg\u00e4nzen, zu l\u00f6schen oder die Ver\u00f6ffentlichung zeitweise oder endg\u00fcltig einzustellen.<\/p>\n<p><a href=\"https:\/\/www.jusline.at\/gesetz\/ecg\/paragraf\/17\">\u00a717 Ausschluss der Verantwortlichkeit bei Links<\/a>\u00a0<img loading=\"lazy\" decoding=\"async\" class=\"alignnone size-full wp-image-329\" src=\"http:\/\/banke.home.at\/wordpress\/wp-content\/uploads\/2020\/04\/Icon_External_Link.png\" alt=\"\" width=\"12\" height=\"12\" \/><\/p>\n","protected":false},"excerpt":{"rendered":"<p>Offenlegung\u00a0 gem\u00e4\u00df \u00a7 25 Mediengesetz Hinweis: Die Autor_innen \u00fcbernehmen keinerlei Gew\u00e4hr f\u00fcr die Aktualit\u00e4t, Korrektheit, Vollst\u00e4ndigkeit oder Qualit\u00e4t der bereitgestellten Informationen. Haftungsanspr\u00fcche gegen die Autor_innen, welche sich auf Sch\u00e4den materieller oder ideeller Art beziehen, die durch die Nutzung oder Nichtnutzung der dargebotenen Informationen bzw. durch die Nutzung fehlerhafter und unvollst\u00e4ndiger Informationen verursacht wurden, sind grunds\u00e4tzlich &hellip; <\/p>\n<p class=\"link-more\"><a href=\"https:\/\/banke.home.at\/wordpress\/datenschutzbelehrung\/\" class=\"more-link\"><span class=\"screen-reader-text\">\u201eOffenlegung gem\u00e4\u00df \u00a7 25 Mediengesetz\u201c <\/span>weiterlesen<\/a><\/p>\n","protected":false},"author":1,"featured_media":0,"parent":0,"menu_order":0,"comment_status":"closed","ping_status":"closed","template":"","meta":{"footnotes":""},"tags":[],"class_list":["post-39","page","type-page","status-publish","hentry"],"_links":{"self":[{"href":"https:\/\/banke.home.at\/wordpress\/wp-json\/wp\/v2\/pages\/39","targetHints":{"allow":["GET"]}}],"collection":[{"href":"https:\/\/banke.home.at\/wordpress\/wp-json\/wp\/v2\/pages"}],"about":[{"href":"https:\/\/banke.home.at\/wordpress\/wp-json\/wp\/v2\/types\/page"}],"author":[{"embeddable":true,"href":"https:\/\/banke.home.at\/wordpress\/wp-json\/wp\/v2\/users\/1"}],"replies":[{"embeddable":true,"href":"https:\/\/banke.home.at\/wordpress\/wp-json\/wp\/v2\/comments?post=39"}],"version-history":[{"count":0,"href":"https:\/\/banke.home.at\/wordpress\/wp-json\/wp\/v2\/pages\/39\/revisions"}],"wp:attachment":[{"href":"https:\/\/banke.home.at\/wordpress\/wp-json\/wp\/v2\/media?parent=39"}],"wp:term":[{"taxonomy":"post_tag","embeddable":true,"href":"https:\/\/banke.home.at\/wordpress\/wp-json\/wp\/v2\/tags?post=39"}],"curies":[{"name":"wp","href":"https:\/\/api.w.org\/{rel}","templated":true}]}}